{"id":13377,"date":"2026-03-23T08:08:10","date_gmt":"2026-03-23T08:08:10","guid":{"rendered":"https:\/\/exclusivestore.shop\/?post_type=product&#038;p=13377"},"modified":"2026-03-23T08:14:46","modified_gmt":"2026-03-23T08:14:46","slug":"2-en-1-vaporera-de-verduras-y-hervidor-kwalux-huevos-portatil-color-blanco","status":"publish","type":"product","link":"https:\/\/exclusivestore.shop\/da\/vare\/2-en-1-vaporera-de-verduras-y-hervidor-kwalux-huevos-portatil-color-blanco\/","title":{"rendered":"2 en 1 Vaporera de Verduras y Hervidor Kwalux Huevos Portatil Color Blanco"},"content":{"rendered":"<div data-elementor-type=\"product-post\" data-elementor-id=\"13377\" class=\"elementor elementor-13377\" data-elementor-post-type=\"product\">\n\t\t\t\t<div class=\"elementor-element elementor-element-8889932 e-flex e-con-boxed e-con e-parent\" data-id=\"8889932\" data-element_type=\"container\" data-settings=\"{&quot;ekit_has_onepagescroll_dot&quot;:&quot;yes&quot;}\">\n\t\t\t\t\t<div class=\"e-con-inner\">\n\t\t\t\t<div class=\"elementor-element elementor-element-1474c03a elementor-widget elementor-widget-image\" data-id=\"1474c03a\" data-element_type=\"widget\" data-settings=\"{&quot;ekit_we_effect_on&quot;:&quot;none&quot;}\" data-widget_type=\"image.default\">\n\t\t\t\t<div class=\"elementor-widget-container\">\n\t\t\t\t\t\t\t\t\t\t\t\t\t\t\t<img loading=\"lazy\" decoding=\"async\" width=\"1000\" height=\"1000\" src=\"https:\/\/exclusivestore.shop\/wp-content\/uploads\/2026\/03\/S14dea2dd1c404c309fc4901ac7b71727D-2.webp\" class=\"attachment-full size-full wp-image-13392 wvs-archive-product-image\" alt=\"\" srcset=\"https:\/\/exclusivestore.shop\/wp-content\/uploads\/2026\/03\/S14dea2dd1c404c309fc4901ac7b71727D-2.webp 1000w, https:\/\/exclusivestore.shop\/wp-content\/uploads\/2026\/03\/S14dea2dd1c404c309fc4901ac7b71727D-2-300x300.webp 300w, https:\/\/exclusivestore.shop\/wp-content\/uploads\/2026\/03\/S14dea2dd1c404c309fc4901ac7b71727D-2-150x150.webp 150w, https:\/\/exclusivestore.shop\/wp-content\/uploads\/2026\/03\/S14dea2dd1c404c309fc4901ac7b71727D-2-768x768.webp 768w, https:\/\/exclusivestore.shop\/wp-content\/uploads\/2026\/03\/S14dea2dd1c404c309fc4901ac7b71727D-2-12x12.webp 12w, https:\/\/exclusivestore.shop\/wp-content\/uploads\/2026\/03\/S14dea2dd1c404c309fc4901ac7b71727D-2-600x600.webp 600w, https:\/\/exclusivestore.shop\/wp-content\/uploads\/2026\/03\/S14dea2dd1c404c309fc4901ac7b71727D-2-100x100.webp 100w, https:\/\/exclusivestore.shop\/wp-content\/uploads\/2026\/03\/S14dea2dd1c404c309fc4901ac7b71727D-2-50x50.webp 50w, https:\/\/exclusivestore.shop\/wp-content\/uploads\/2026\/03\/S14dea2dd1c404c309fc4901ac7b71727D-2-1x1.webp 1w, https:\/\/exclusivestore.shop\/wp-content\/uploads\/2026\/03\/S14dea2dd1c404c309fc4901ac7b71727D-2-10x10.webp 10w\" sizes=\"auto, (max-width: 1000px) 100vw, 1000px\" \/>\t\t\t\t\t\t\t\t\t\t\t\t\t\t\t<\/div>\n\t\t\t\t<\/div>\n\t\t\t\t<div class=\"elementor-element elementor-element-4f016dcc elementor-widget elementor-widget-image\" data-id=\"4f016dcc\" data-element_type=\"widget\" data-settings=\"{&quot;ekit_we_effect_on&quot;:&quot;none&quot;}\" data-widget_type=\"image.default\">\n\t\t\t\t<div class=\"elementor-widget-container\">\n\t\t\t\t\t\t\t\t\t\t\t\t\t\t\t<img loading=\"lazy\" decoding=\"async\" width=\"1000\" height=\"1000\" src=\"https:\/\/exclusivestore.shop\/wp-content\/uploads\/2026\/03\/Sbfc748822de6442f9f3362212abb46e7B-1.webp\" class=\"attachment-full size-full wp-image-13393 wvs-archive-product-image\" alt=\"\" srcset=\"https:\/\/exclusivestore.shop\/wp-content\/uploads\/2026\/03\/Sbfc748822de6442f9f3362212abb46e7B-1.webp 1000w, https:\/\/exclusivestore.shop\/wp-content\/uploads\/2026\/03\/Sbfc748822de6442f9f3362212abb46e7B-1-300x300.webp 300w, https:\/\/exclusivestore.shop\/wp-content\/uploads\/2026\/03\/Sbfc748822de6442f9f3362212abb46e7B-1-150x150.webp 150w, https:\/\/exclusivestore.shop\/wp-content\/uploads\/2026\/03\/Sbfc748822de6442f9f3362212abb46e7B-1-768x768.webp 768w, https:\/\/exclusivestore.shop\/wp-content\/uploads\/2026\/03\/Sbfc748822de6442f9f3362212abb46e7B-1-12x12.webp 12w, https:\/\/exclusivestore.shop\/wp-content\/uploads\/2026\/03\/Sbfc748822de6442f9f3362212abb46e7B-1-600x600.webp 600w, https:\/\/exclusivestore.shop\/wp-content\/uploads\/2026\/03\/Sbfc748822de6442f9f3362212abb46e7B-1-100x100.webp 100w, https:\/\/exclusivestore.shop\/wp-content\/uploads\/2026\/03\/Sbfc748822de6442f9f3362212abb46e7B-1-50x50.webp 50w, https:\/\/exclusivestore.shop\/wp-content\/uploads\/2026\/03\/Sbfc748822de6442f9f3362212abb46e7B-1-1x1.webp 1w, https:\/\/exclusivestore.shop\/wp-content\/uploads\/2026\/03\/Sbfc748822de6442f9f3362212abb46e7B-1-10x10.webp 10w\" sizes=\"auto, (max-width: 1000px) 100vw, 1000px\" \/>\t\t\t\t\t\t\t\t\t\t\t\t\t\t\t<\/div>\n\t\t\t\t<\/div>\n\t\t\t\t<div class=\"elementor-element elementor-element-7596c817 elementor-widget elementor-widget-image\" data-id=\"7596c817\" data-element_type=\"widget\" data-settings=\"{&quot;ekit_we_effect_on&quot;:&quot;none&quot;}\" data-widget_type=\"image.default\">\n\t\t\t\t<div class=\"elementor-widget-container\">\n\t\t\t\t\t\t\t\t\t\t\t\t\t\t\t<img loading=\"lazy\" decoding=\"async\" width=\"1000\" height=\"1255\" src=\"https:\/\/exclusivestore.shop\/wp-content\/uploads\/2026\/03\/Sbd3970c92df34f05bbf369f5f05547477.webp\" class=\"attachment-full size-full wp-image-13394 wvs-archive-product-image\" alt=\"\" srcset=\"https:\/\/exclusivestore.shop\/wp-content\/uploads\/2026\/03\/Sbd3970c92df34f05bbf369f5f05547477.webp 1000w, https:\/\/exclusivestore.shop\/wp-content\/uploads\/2026\/03\/Sbd3970c92df34f05bbf369f5f05547477-239x300.webp 239w, https:\/\/exclusivestore.shop\/wp-content\/uploads\/2026\/03\/Sbd3970c92df34f05bbf369f5f05547477-816x1024.webp 816w, https:\/\/exclusivestore.shop\/wp-content\/uploads\/2026\/03\/Sbd3970c92df34f05bbf369f5f05547477-768x964.webp 768w, https:\/\/exclusivestore.shop\/wp-content\/uploads\/2026\/03\/Sbd3970c92df34f05bbf369f5f05547477-10x12.webp 10w, https:\/\/exclusivestore.shop\/wp-content\/uploads\/2026\/03\/Sbd3970c92df34f05bbf369f5f05547477-600x753.webp 600w, https:\/\/exclusivestore.shop\/wp-content\/uploads\/2026\/03\/Sbd3970c92df34f05bbf369f5f05547477-1x1.webp 1w, https:\/\/exclusivestore.shop\/wp-content\/uploads\/2026\/03\/Sbd3970c92df34f05bbf369f5f05547477-8x10.webp 8w\" sizes=\"auto, (max-width: 1000px) 100vw, 1000px\" \/>\t\t\t\t\t\t\t\t\t\t\t\t\t\t\t<\/div>\n\t\t\t\t<\/div>\n\t\t\t\t<div class=\"elementor-element elementor-element-6be32118 elementor-widget elementor-widget-image\" data-id=\"6be32118\" data-element_type=\"widget\" data-settings=\"{&quot;ekit_we_effect_on&quot;:&quot;none&quot;}\" data-widget_type=\"image.default\">\n\t\t\t\t<div class=\"elementor-widget-container\">\n\t\t\t\t\t\t\t\t\t\t\t\t\t\t\t<img loading=\"lazy\" decoding=\"async\" width=\"1000\" height=\"1236\" src=\"https:\/\/exclusivestore.shop\/wp-content\/uploads\/2026\/03\/S724e2c01aa394feab3f3e4056854ea20E-1.webp\" class=\"attachment-full size-full wp-image-13395 wvs-archive-product-image\" alt=\"\" srcset=\"https:\/\/exclusivestore.shop\/wp-content\/uploads\/2026\/03\/S724e2c01aa394feab3f3e4056854ea20E-1.webp 1000w, https:\/\/exclusivestore.shop\/wp-content\/uploads\/2026\/03\/S724e2c01aa394feab3f3e4056854ea20E-1-243x300.webp 243w, https:\/\/exclusivestore.shop\/wp-content\/uploads\/2026\/03\/S724e2c01aa394feab3f3e4056854ea20E-1-828x1024.webp 828w, https:\/\/exclusivestore.shop\/wp-content\/uploads\/2026\/03\/S724e2c01aa394feab3f3e4056854ea20E-1-768x949.webp 768w, https:\/\/exclusivestore.shop\/wp-content\/uploads\/2026\/03\/S724e2c01aa394feab3f3e4056854ea20E-1-10x12.webp 10w, https:\/\/exclusivestore.shop\/wp-content\/uploads\/2026\/03\/S724e2c01aa394feab3f3e4056854ea20E-1-600x742.webp 600w, https:\/\/exclusivestore.shop\/wp-content\/uploads\/2026\/03\/S724e2c01aa394feab3f3e4056854ea20E-1-1x1.webp 1w, https:\/\/exclusivestore.shop\/wp-content\/uploads\/2026\/03\/S724e2c01aa394feab3f3e4056854ea20E-1-8x10.webp 8w\" sizes=\"auto, (max-width: 1000px) 100vw, 1000px\" \/>\t\t\t\t\t\t\t\t\t\t\t\t\t\t\t<\/div>\n\t\t\t\t<\/div>\n\t\t\t\t<div class=\"elementor-element elementor-element-582c3c7e elementor-widget elementor-widget-image\" data-id=\"582c3c7e\" data-element_type=\"widget\" data-settings=\"{&quot;ekit_we_effect_on&quot;:&quot;none&quot;}\" data-widget_type=\"image.default\">\n\t\t\t\t<div class=\"elementor-widget-container\">\n\t\t\t\t\t\t\t\t\t\t\t\t\t\t\t<img loading=\"lazy\" decoding=\"async\" width=\"1000\" height=\"1889\" src=\"https:\/\/exclusivestore.shop\/wp-content\/uploads\/2026\/03\/S53b9340c31cc41bebdfaea339f79af05A-1.webp\" class=\"attachment-full size-full wp-image-13396 wvs-archive-product-image\" alt=\"\" srcset=\"https:\/\/exclusivestore.shop\/wp-content\/uploads\/2026\/03\/S53b9340c31cc41bebdfaea339f79af05A-1.webp 1000w, https:\/\/exclusivestore.shop\/wp-content\/uploads\/2026\/03\/S53b9340c31cc41bebdfaea339f79af05A-1-159x300.webp 159w, https:\/\/exclusivestore.shop\/wp-content\/uploads\/2026\/03\/S53b9340c31cc41bebdfaea339f79af05A-1-542x1024.webp 542w, https:\/\/exclusivestore.shop\/wp-content\/uploads\/2026\/03\/S53b9340c31cc41bebdfaea339f79af05A-1-768x1451.webp 768w, https:\/\/exclusivestore.shop\/wp-content\/uploads\/2026\/03\/S53b9340c31cc41bebdfaea339f79af05A-1-813x1536.webp 813w, https:\/\/exclusivestore.shop\/wp-content\/uploads\/2026\/03\/S53b9340c31cc41bebdfaea339f79af05A-1-6x12.webp 6w, https:\/\/exclusivestore.shop\/wp-content\/uploads\/2026\/03\/S53b9340c31cc41bebdfaea339f79af05A-1-600x1133.webp 600w, https:\/\/exclusivestore.shop\/wp-content\/uploads\/2026\/03\/S53b9340c31cc41bebdfaea339f79af05A-1-1x1.webp 1w, https:\/\/exclusivestore.shop\/wp-content\/uploads\/2026\/03\/S53b9340c31cc41bebdfaea339f79af05A-1-5x10.webp 5w\" sizes=\"auto, (max-width: 1000px) 100vw, 1000px\" \/>\t\t\t\t\t\t\t\t\t\t\t\t\t\t\t<\/div>\n\t\t\t\t<\/div>\n\t\t\t\t<div class=\"elementor-element elementor-element-73953b4c elementor-widget elementor-widget-image\" data-id=\"73953b4c\" data-element_type=\"widget\" data-settings=\"{&quot;ekit_we_effect_on&quot;:&quot;none&quot;}\" data-widget_type=\"image.default\">\n\t\t\t\t<div class=\"elementor-widget-container\">\n\t\t\t\t\t\t\t\t\t\t\t\t\t\t\t<img loading=\"lazy\" decoding=\"async\" width=\"1000\" height=\"1653\" src=\"https:\/\/exclusivestore.shop\/wp-content\/uploads\/2026\/03\/S953f5b6d246a40718cecfcb862967f7bB.webp\" class=\"attachment-full size-full wp-image-13397 wvs-archive-product-image\" alt=\"\" srcset=\"https:\/\/exclusivestore.shop\/wp-content\/uploads\/2026\/03\/S953f5b6d246a40718cecfcb862967f7bB.webp 1000w, https:\/\/exclusivestore.shop\/wp-content\/uploads\/2026\/03\/S953f5b6d246a40718cecfcb862967f7bB-181x300.webp 181w, https:\/\/exclusivestore.shop\/wp-content\/uploads\/2026\/03\/S953f5b6d246a40718cecfcb862967f7bB-619x1024.webp 619w, https:\/\/exclusivestore.shop\/wp-content\/uploads\/2026\/03\/S953f5b6d246a40718cecfcb862967f7bB-768x1270.webp 768w, https:\/\/exclusivestore.shop\/wp-content\/uploads\/2026\/03\/S953f5b6d246a40718cecfcb862967f7bB-929x1536.webp 929w, https:\/\/exclusivestore.shop\/wp-content\/uploads\/2026\/03\/S953f5b6d246a40718cecfcb862967f7bB-7x12.webp 7w, https:\/\/exclusivestore.shop\/wp-content\/uploads\/2026\/03\/S953f5b6d246a40718cecfcb862967f7bB-600x992.webp 600w, https:\/\/exclusivestore.shop\/wp-content\/uploads\/2026\/03\/S953f5b6d246a40718cecfcb862967f7bB-1x1.webp 1w, https:\/\/exclusivestore.shop\/wp-content\/uploads\/2026\/03\/S953f5b6d246a40718cecfcb862967f7bB-6x10.webp 6w\" sizes=\"auto, (max-width: 1000px) 100vw, 1000px\" \/>\t\t\t\t\t\t\t\t\t\t\t\t\t\t\t<\/div>\n\t\t\t\t<\/div>\n\t\t\t\t<div class=\"elementor-element elementor-element-21fb5e32 elementor-widget elementor-widget-image\" data-id=\"21fb5e32\" data-element_type=\"widget\" data-settings=\"{&quot;ekit_we_effect_on&quot;:&quot;none&quot;}\" data-widget_type=\"image.default\">\n\t\t\t\t<div class=\"elementor-widget-container\">\n\t\t\t\t\t\t\t\t\t\t\t\t\t\t\t<img loading=\"lazy\" decoding=\"async\" width=\"1000\" height=\"1586\" src=\"https:\/\/exclusivestore.shop\/wp-content\/uploads\/2026\/03\/Sc0e7f46cd2314d609bae189e98dc5106v.webp\" class=\"attachment-full size-full wp-image-13398 wvs-archive-product-image\" alt=\"\" srcset=\"https:\/\/exclusivestore.shop\/wp-content\/uploads\/2026\/03\/Sc0e7f46cd2314d609bae189e98dc5106v.webp 1000w, https:\/\/exclusivestore.shop\/wp-content\/uploads\/2026\/03\/Sc0e7f46cd2314d609bae189e98dc5106v-189x300.webp 189w, https:\/\/exclusivestore.shop\/wp-content\/uploads\/2026\/03\/Sc0e7f46cd2314d609bae189e98dc5106v-646x1024.webp 646w, https:\/\/exclusivestore.shop\/wp-content\/uploads\/2026\/03\/Sc0e7f46cd2314d609bae189e98dc5106v-768x1218.webp 768w, https:\/\/exclusivestore.shop\/wp-content\/uploads\/2026\/03\/Sc0e7f46cd2314d609bae189e98dc5106v-968x1536.webp 968w, https:\/\/exclusivestore.shop\/wp-content\/uploads\/2026\/03\/Sc0e7f46cd2314d609bae189e98dc5106v-8x12.webp 8w, https:\/\/exclusivestore.shop\/wp-content\/uploads\/2026\/03\/Sc0e7f46cd2314d609bae189e98dc5106v-600x952.webp 600w, https:\/\/exclusivestore.shop\/wp-content\/uploads\/2026\/03\/Sc0e7f46cd2314d609bae189e98dc5106v-1x1.webp 1w, https:\/\/exclusivestore.shop\/wp-content\/uploads\/2026\/03\/Sc0e7f46cd2314d609bae189e98dc5106v-6x10.webp 6w\" sizes=\"auto, (max-width: 1000px) 100vw, 1000px\" \/>\t\t\t\t\t\t\t\t\t\t\t\t\t\t\t<\/div>\n\t\t\t\t<\/div>\n\t\t\t\t<div class=\"elementor-element elementor-element-2951774 elementor-widget elementor-widget-image\" data-id=\"2951774\" data-element_type=\"widget\" data-settings=\"{&quot;ekit_we_effect_on&quot;:&quot;none&quot;}\" data-widget_type=\"image.default\">\n\t\t\t\t<div class=\"elementor-widget-container\">\n\t\t\t\t\t\t\t\t\t\t\t\t\t\t\t<img loading=\"lazy\" decoding=\"async\" width=\"1000\" height=\"1884\" src=\"https:\/\/exclusivestore.shop\/wp-content\/uploads\/2026\/03\/S583ab165c428467fbc13e869d99c75e9J.webp\" class=\"attachment-full size-full wp-image-13399 wvs-archive-product-image\" alt=\"\" srcset=\"https:\/\/exclusivestore.shop\/wp-content\/uploads\/2026\/03\/S583ab165c428467fbc13e869d99c75e9J.webp 1000w, https:\/\/exclusivestore.shop\/wp-content\/uploads\/2026\/03\/S583ab165c428467fbc13e869d99c75e9J-159x300.webp 159w, https:\/\/exclusivestore.shop\/wp-content\/uploads\/2026\/03\/S583ab165c428467fbc13e869d99c75e9J-544x1024.webp 544w, https:\/\/exclusivestore.shop\/wp-content\/uploads\/2026\/03\/S583ab165c428467fbc13e869d99c75e9J-768x1447.webp 768w, https:\/\/exclusivestore.shop\/wp-content\/uploads\/2026\/03\/S583ab165c428467fbc13e869d99c75e9J-815x1536.webp 815w, https:\/\/exclusivestore.shop\/wp-content\/uploads\/2026\/03\/S583ab165c428467fbc13e869d99c75e9J-6x12.webp 6w, https:\/\/exclusivestore.shop\/wp-content\/uploads\/2026\/03\/S583ab165c428467fbc13e869d99c75e9J-600x1130.webp 600w, https:\/\/exclusivestore.shop\/wp-content\/uploads\/2026\/03\/S583ab165c428467fbc13e869d99c75e9J-1x1.webp 1w, https:\/\/exclusivestore.shop\/wp-content\/uploads\/2026\/03\/S583ab165c428467fbc13e869d99c75e9J-5x10.webp 5w\" sizes=\"auto, (max-width: 1000px) 100vw, 1000px\" \/>\t\t\t\t\t\t\t\t\t\t\t\t\t\t\t<\/div>\n\t\t\t\t<\/div>\n\t\t\t\t<div class=\"elementor-element elementor-element-6baa6348 elementor-widget elementor-widget-image\" data-id=\"6baa6348\" data-element_type=\"widget\" data-settings=\"{&quot;ekit_we_effect_on&quot;:&quot;none&quot;}\" data-widget_type=\"image.default\">\n\t\t\t\t<div class=\"elementor-widget-container\">\n\t\t\t\t\t\t\t\t\t\t\t\t\t\t\t<img loading=\"lazy\" decoding=\"async\" width=\"1000\" height=\"2177\" src=\"https:\/\/exclusivestore.shop\/wp-content\/uploads\/2026\/03\/S624943aae92d48a3897f3ab87a40c9f92-1.webp\" class=\"attachment-full size-full wp-image-13400 wvs-archive-product-image\" alt=\"\" srcset=\"https:\/\/exclusivestore.shop\/wp-content\/uploads\/2026\/03\/S624943aae92d48a3897f3ab87a40c9f92-1.webp 1000w, https:\/\/exclusivestore.shop\/wp-content\/uploads\/2026\/03\/S624943aae92d48a3897f3ab87a40c9f92-1-138x300.webp 138w, https:\/\/exclusivestore.shop\/wp-content\/uploads\/2026\/03\/S624943aae92d48a3897f3ab87a40c9f92-1-470x1024.webp 470w, https:\/\/exclusivestore.shop\/wp-content\/uploads\/2026\/03\/S624943aae92d48a3897f3ab87a40c9f92-1-768x1672.webp 768w, https:\/\/exclusivestore.shop\/wp-content\/uploads\/2026\/03\/S624943aae92d48a3897f3ab87a40c9f92-1-706x1536.webp 706w, https:\/\/exclusivestore.shop\/wp-content\/uploads\/2026\/03\/S624943aae92d48a3897f3ab87a40c9f92-1-941x2048.webp 941w, https:\/\/exclusivestore.shop\/wp-content\/uploads\/2026\/03\/S624943aae92d48a3897f3ab87a40c9f92-1-6x12.webp 6w, https:\/\/exclusivestore.shop\/wp-content\/uploads\/2026\/03\/S624943aae92d48a3897f3ab87a40c9f92-1-600x1306.webp 600w, https:\/\/exclusivestore.shop\/wp-content\/uploads\/2026\/03\/S624943aae92d48a3897f3ab87a40c9f92-1-1x1.webp 1w, https:\/\/exclusivestore.shop\/wp-content\/uploads\/2026\/03\/S624943aae92d48a3897f3ab87a40c9f92-1-5x10.webp 5w\" sizes=\"auto, (max-width: 1000px) 100vw, 1000px\" \/>\t\t\t\t\t\t\t\t\t\t\t\t\t\t\t<\/div>\n\t\t\t\t<\/div>\n\t\t\t\t<div class=\"elementor-element elementor-element-f8bc2d0 elementor-widget elementor-widget-text-editor\" data-id=\"f8bc2d0\" data-element_type=\"widget\" data-settings=\"{&quot;ekit_we_effect_on&quot;:&quot;none&quot;}\" data-widget_type=\"text-editor.default\">\n\t\t\t\t<div class=\"elementor-widget-container\">\n\t\t\t\t\t\t\t\t\t<table class=\"specs-table\">\n    <tr>\n        <td>Detalles<\/td>\n        <td><\/td>\n    <\/tr>\n    <tr>\n        <td>Producto qu\u00edmico de alta preocupaci\u00f3n<\/td>\n        <td><span class=\"none-badge\">Ninguno<\/span><\/td>\n    <\/tr>\n    <tr>\n        <td>Material de la carcasa<\/td>\n        <td><span class=\"material-badge\">pl\u00e1stico<\/span><\/td>\n    <\/tr>\n    <tr>\n        <td>Funci\u00f3n<\/td>\n        <td><span class=\"function-badge\">Hervidor de huevos<\/span><\/td>\n    <\/tr>\n    <tr>\n        <td>Potencia (W)<\/td>\n        <td><span class=\"power-badge\">250 vatios<\/span><\/td>\n    <\/tr>\n    <tr>\n        <td>Capacidad<\/td>\n        <td><span class=\"capacity-badge\">&gt;7<\/span><\/td>\n    <\/tr>\n    <tr>\n        <td>Voltaje<\/td>\n        <td><span class=\"voltage-badge\">220 voltios<\/span><\/td>\n    <\/tr>\n<\/table>\n\n<style>\n    .specs-table {\n        width: 100%;\n        border-collapse: collapse;\n        font-family: 'Segoe UI', Arial, sans-serif;\n        font-size: 14px;\n    }\n    .specs-table tr {\n        border-bottom: 1px solid #e0e0e0;\n    }\n    .specs-table td {\n        padding: 12px 0;\n        text-align: left;\n        vertical-align: top;\n    }\n    .specs-table td:first-child {\n        font-weight: 600;\n        width: 40%;\n        color: #2c3e50;\n    }\n    .specs-table td:last-child {\n        width: 60%;\n    }\n    .none-badge {\n        background-color: #f5f5f5;\n        color: #757575;\n        padding: 8px 16px;\n        border-radius: 4px;\n        font-style: italic;\n        display: inline-block;\n        border: 1px solid #e0e0e0;\n    }\n    .material-badge {\n        background-color: #f5f5f5;\n        color: #424242;\n        padding: 8px 16px;\n        border-radius: 4px;\n        font-weight: 600;\n        display: inline-block;\n        border: 1px solid #e0e0e0;\n    }\n    .function-badge {\n        background-color: #e8f5e9;\n        color: #2e7d32;\n        padding: 8px 16px;\n        border-radius: 4px;\n        font-weight: 600;\n        display: inline-block;\n        border: 1px solid #c8e6c9;\n    }\n    .power-badge {\n        background-color: #fff8e1;\n        color: #ff8f00;\n        padding: 8px 16px;\n        border-radius: 4px;\n        font-weight: 700;\n        display: inline-block;\n        border: 1px solid #ffecb3;\n    }\n    .capacity-badge {\n        background-color: #e3f2fd;\n        color: #1565c0;\n        padding: 8px 16px;\n        border-radius: 4px;\n        font-weight: 700;\n        font-size: 16px;\n        display: inline-block;\n        border: 1px solid #bbdefb;\n    }\n    .voltage-badge {\n        background-color: #e3f2fd;\n        color: #1565c0;\n        padding: 8px 16px;\n        border-radius: 4px;\n        font-weight: 600;\n        display: inline-block;\n        border: 1px solid #bbdefb;\n    }\n<\/style>\t\t\t\t\t\t\t\t<\/div>\n\t\t\t\t<\/div>\n\t\t\t\t\t<\/div>\n\t\t\t\t<\/div>\n\t\t\t\t<\/div>","protected":false},"excerpt":{"rendered":"<p>Detalles Producto qu\u00edmico de alta preocupaci\u00f3n Ninguno Material de la carcasa pl\u00e1stico Funci\u00f3n Hervidor de huevos Potencia (W) 250 vatios&#8230;<\/p>","protected":false},"featured_media":13381,"comment_status":"open","ping_status":"closed","template":"","meta":{"_acf_changed":false},"etheme_brands":[],"product_brand":[],"product_cat":[118],"product_tag":[],"class_list":{"0":"post-13377","1":"product","2":"type-product","3":"status-publish","4":"has-post-thumbnail","6":"product_cat-sale-shop","8":"first","9":"instock","10":"sale","11":"shipping-taxable","12":"purchasable","13":"product-type-variable","14":"has-default-attributes","15":"wvs-archive-product-wrapper"},"acf":[],"_links":{"self":[{"href":"https:\/\/exclusivestore.shop\/da\/wp-json\/wp\/v2\/product\/13377","targetHints":{"allow":["GET"]}}],"collection":[{"href":"https:\/\/exclusivestore.shop\/da\/wp-json\/wp\/v2\/product"}],"about":[{"href":"https:\/\/exclusivestore.shop\/da\/wp-json\/wp\/v2\/types\/product"}],"replies":[{"embeddable":true,"href":"https:\/\/exclusivestore.shop\/da\/wp-json\/wp\/v2\/comments?post=13377"}],"version-history":[{"count":4,"href":"https:\/\/exclusivestore.shop\/da\/wp-json\/wp\/v2\/product\/13377\/revisions"}],"predecessor-version":[{"id":13408,"href":"https:\/\/exclusivestore.shop\/da\/wp-json\/wp\/v2\/product\/13377\/revisions\/13408"}],"wp:featuredmedia":[{"embeddable":true,"href":"https:\/\/exclusivestore.shop\/da\/wp-json\/wp\/v2\/media\/13381"}],"wp:attachment":[{"href":"https:\/\/exclusivestore.shop\/da\/wp-json\/wp\/v2\/media?parent=13377"}],"wp:term":[{"taxonomy":"brand","embeddable":true,"href":"https:\/\/exclusivestore.shop\/da\/wp-json\/wp\/v2\/etheme_brands?post=13377"},{"taxonomy":"product_brand","embeddable":true,"href":"https:\/\/exclusivestore.shop\/da\/wp-json\/wp\/v2\/product_brand?post=13377"},{"taxonomy":"product_cat","embeddable":true,"href":"https:\/\/exclusivestore.shop\/da\/wp-json\/wp\/v2\/product_cat?post=13377"},{"taxonomy":"product_tag","embeddable":true,"href":"https:\/\/exclusivestore.shop\/da\/wp-json\/wp\/v2\/product_tag?post=13377"}],"curies":[{"name":"wp","href":"https:\/\/api.w.org\/{rel}","templated":true}]}}